{"id":2995,"date":"2024-05-20T13:36:26","date_gmt":"2024-05-20T13:36:26","guid":{"rendered":"https:\/\/www.petsyoga.cz\/terms-and-conditions\/"},"modified":"2026-02-13T11:40:28","modified_gmt":"2026-02-13T11:40:28","slug":"terms-and-conditions","status":"publish","type":"page","link":"https:\/\/www.petsyoga.cz\/en\/terms-and-conditions\/","title":{"rendered":"Terms and Conditions"},"content":{"rendered":"\t\t<div data-elementor-type=\"wp-page\" data-elementor-id=\"2995\" class=\"elementor elementor-2995 elementor-1964\" data-elementor-post-type=\"page\">\n\t\t\t\t<div class=\"elementor-element elementor-element-7828c58 e-flex e-con-boxed e-con e-parent\" data-id=\"7828c58\" data-element_type=\"container\" data-e-type=\"container\" data-settings=\"{&quot;background_background&quot;:&quot;classic&quot;}\">\n\t\t\t\t\t<div class=\"e-con-inner\">\n\t\t<div class=\"elementor-element elementor-element-bfa4730 e-con-full e-flex e-con e-child\" data-id=\"bfa4730\" data-element_type=\"container\" data-e-type=\"container\">\n\t\t\t\t<div class=\"elementor-element elementor-element-902478a elementor-icon-list--layout-inline elementor-list-item-link-full_width elementor-widget elementor-widget-icon-list\" data-id=\"902478a\" data-element_type=\"widget\" data-e-type=\"widget\" data-widget_type=\"icon-list.default\">\n\t\t\t\t<div class=\"elementor-widget-container\">\n\t\t\t\t\t\t\t<ul class=\"elementor-icon-list-items elementor-inline-items\">\n\t\t\t\t\t\t\t<li class=\"elementor-icon-list-item elementor-inline-item\">\n\t\t\t\t\t\t\t\t\t\t\t<a href=\"https:\/\/www.petsyoga.cz\/\">\n\n\t\t\t\t\t\t\t\t\t\t\t\t<span class=\"elementor-icon-list-icon\">\n\t\t\t\t\t\t\t<svg xmlns=\"http:\/\/www.w3.org\/2000\/svg\" width=\"16\" height=\"18\" viewBox=\"0 0 16 18\" fill=\"none\"><path fill-rule=\"evenodd\" clip-rule=\"evenodd\" d=\"M3.8197 13.5203C3.35713 14.4596 2.93911 16.1399 3.72666 16.7206C4.4133 17.2263 5.06981 16.7403 5.66866 16.4223C7.26733 15.575 8.27633 15.0153 9.81211 16.2621C10.0886 16.4867 10.3284 16.7153 10.5813 16.8927C11.1369 17.2828 12.083 17.3577 12.6871 16.8191C13.4183 16.1688 13.0566 14.5581 12.5941 13.6188C11.9494 12.3116 9.84094 8.91293 8.08109 8.91293C6.28847 8.98388 4.4631 12.2131 3.8197 13.5216\" fill=\"white\"><\/path><path fill-rule=\"evenodd\" clip-rule=\"evenodd\" d=\"M2.80822e-05 8.95758C0.0642372 10.2385 0.373489 11.1726 0.919923 11.7743C1.78085 12.7228 2.95627 12.6834 3.72547 11.6481C4.43439 10.6944 4.36887 9.65255 3.96658 8.60155C2.91696 5.8545 -0.010455 4.65767 2.80822e-05 8.95758Z\" fill=\"white\"><\/path><path fill-rule=\"evenodd\" clip-rule=\"evenodd\" d=\"M3.76356 6.45227C4.4502 8.27181 6.77615 9.17436 7.82708 7.08812C8.71684 5.32113 8.47704 2.1563 7.80349 0.904298C6.98188 -0.62228 5.80384 0.0451048 4.85249 0.994946C3.46086 2.38358 3.06774 4.61039 3.76487 6.45227\" fill=\"white\"><\/path><path fill-rule=\"evenodd\" clip-rule=\"evenodd\" d=\"M9.18719 1.63081C9.71659 -0.665629 11.1855 -0.234719 12.2155 1.60979C13.1511 3.28613 13.2861 4.6301 12.699 6.45096C12.3072 7.66486 11.6573 8.28233 10.7046 8.28233C8.50972 7.90922 8.79145 3.34657 9.18719 1.62949\" fill=\"white\"><\/path><path fill-rule=\"evenodd\" clip-rule=\"evenodd\" d=\"M12.7226 7.72267C13.9138 5.94123 15.5046 5.53002 15.9082 7.276C16.1716 8.4137 15.823 10.1268 15.4351 11.2107C15.0957 12.1605 14.6476 12.6479 13.9924 12.5087C12.9965 12.2131 12.412 11.0543 12.1696 10.1058C11.9587 9.27947 12.1133 8.63179 12.7213 7.72136\" fill=\"white\"><\/path><\/svg>\t\t\t\t\t\t<\/span>\n\t\t\t\t\t\t\t\t\t\t<span class=\"elementor-icon-list-text\"><\/span>\n\t\t\t\t\t\t\t\t\t\t\t<\/a>\n\t\t\t\t\t\t\t\t\t<\/li>\n\t\t\t\t\t\t\t\t<li class=\"elementor-icon-list-item elementor-inline-item\">\n\t\t\t\t\t\t\t\t\t\t\t<span class=\"elementor-icon-list-icon\">\n\t\t\t\t\t\t\t<svg xmlns=\"http:\/\/www.w3.org\/2000\/svg\" width=\"17\" height=\"9\" viewBox=\"0 0 17 9\" fill=\"none\"><path d=\"M16.3536 4.95563C16.5488 4.76037 16.5488 4.44379 16.3536 4.24853L13.1716 1.06655C12.9763 0.871285 12.6597 0.871285 12.4645 1.06655C12.2692 1.26181 12.2692 1.57839 12.4645 1.77365L15.2929 4.60208L12.4645 7.43051C12.2692 7.62577 12.2692 7.94235 12.4645 8.13762C12.6597 8.33288 12.9763 8.33288 13.1716 8.13762L16.3536 4.95563ZM0 5.10208H16V4.10208H0V5.10208Z\" fill=\"white\"><\/path><\/svg>\t\t\t\t\t\t<\/span>\n\t\t\t\t\t\t\t\t\t\t<span class=\"elementor-icon-list-text\"><\/span>\n\t\t\t\t\t\t\t\t\t<\/li>\n\t\t\t\t\t\t\t\t<li class=\"elementor-icon-list-item elementor-inline-item\">\n\t\t\t\t\t\t\t\t\t\t\t<a href=\"https:\/\/www.petsyoga.cz\/en\/terms-and-conditions\/\">\n\n\t\t\t\t\t\t\t\t\t\t\t<span class=\"elementor-icon-list-text\">Terms and Conditions<\/span>\n\t\t\t\t\t\t\t\t\t\t\t<\/a>\n\t\t\t\t\t\t\t\t\t<\/li>\n\t\t\t\t\t\t<\/ul>\n\t\t\t\t\t\t<\/div>\n\t\t\t\t<\/div>\n\t\t\t\t<div class=\"elementor-element elementor-element-184e346 elementor-widget elementor-widget-heading\" data-id=\"184e346\" data-element_type=\"widget\" data-e-type=\"widget\" data-widget_type=\"heading.default\">\n\t\t\t\t<div class=\"elementor-widget-container\">\n\t\t\t\t\t<h1 class=\"elementor-heading-title elementor-size-default\">Terms and Conditions<\/h1>\t\t\t\t<\/div>\n\t\t\t\t<\/div>\n\t\t\t\t<\/div>\n\t\t\t\t\t<\/div>\n\t\t\t\t<\/div>\n\t\t<div class=\"elementor-element elementor-element-9c9c2e6 e-flex e-con-boxed e-con e-parent\" data-id=\"9c9c2e6\" data-element_type=\"container\" data-e-type=\"container\" data-settings=\"{&quot;background_background&quot;:&quot;classic&quot;}\">\n\t\t\t\t\t<div class=\"e-con-inner\">\n\t\t\t\t<div class=\"elementor-element elementor-element-2268ce4 elementor-widget elementor-widget-text-editor\" data-id=\"2268ce4\" data-element_type=\"widget\" data-e-type=\"widget\" data-widget_type=\"text-editor.default\">\n\t\t\t\t<div class=\"elementor-widget-container\">\n\t\t\t\t\t\t\t\t\t<p>PetsYoga.cz s.r.o.<br \/>Company ID: 17653592<br \/>VAT ID: CZ17653592<br \/>registered in the Commercial Register maintained by the Regional Court in Brno under file no. C 130743<br \/>Data Box ID: jc565iw<\/p><p>Pets Yoga Brno s.r.o.<br \/>Company ID: 22221492<br \/>VAT ID: CZ22221492<br \/>registered in the Commercial Register maintained by the Regional Court in Brno under file no. C 141888<br \/>Data Box ID: ebfqwzy<\/p><p>Pets Yoga Ostrava s.r.o.<br \/>Company ID: 22221506<br \/>registered in the Commercial Register maintained by the Regional Court in Brno under file no. C 141890<br \/>Data Box ID: r9uqw29<\/p><p>Pets Yoga Olomouc s.r.o.<br \/>Company ID: 22221514<br \/>registered in the Commercial Register maintained by the Regional Court in Brno under file no. C 141895<br \/>Data Box ID: bueqw3v<\/p><p>All with registered office at:<br \/>Nov\u00e9 sady 988\/2, 602 00 Brno<br \/>e-mail: info@petsyoga.cz<br \/>telephone: +420 511444344<br \/>website: www.petsyoga.cz<\/p><p>any of the companies hereinafter referred to as the \u201cProvider\u201d.<\/p><p>Branches<\/p><p>Dance Different, F\u00fcgnerovo n\u00e1m\u011bst\u00ed 5, 120 00 Prague \u2013 New Town<br \/>One Club Lu\u017e\u00e1nky, OC Meta, Lidick\u00e1 81, 602 00 Brno-st\u0159ed<br \/>Pranava, Ladislava \u0160ev\u010d\u00edka 420\/26, Ostrava 9<br \/>Gaea Yoga, Anglick\u00e9 n\u00e1b\u0159. 12, Plze\u0148 3<br \/>Siddha Yoga, Husova 21\/13, 460 01 Liberec<br \/>Waldorf School Olomouc, Tomkova 420\/48, 779 00 Olomouc<br \/>Think Yoga, Krajinsk\u00e1 230\/31, \u010cesk\u00e9 Bud\u011bjovice<br \/>Malaya, B\u011blobransk\u00e9 n\u00e1m\u011bst\u00ed 140, Pardubice<br \/>Vivid House, N\u00e1vesn\u00ed 233, Zl\u00edn-Mladcov\u00e1<br \/>Namaste, Spojovac\u00ed 123\/1, Karlovy Vary<\/p><p>Preamble<\/p><p>These Terms and Conditions (hereinafter \u201cT&amp;C\u201d) govern, in accordance with the legal order of the Czech Republic, the rights and obligations of the Provider as the operator of pet yoga classes, and of natural persons who participate in these classes as customers (hereinafter the \u201cCustomer\u201d), arising on the basis of an agreement for arranging a reservation and participation in a pet yoga class concluded between them through the Provider\u2019s website (hereinafter the \u201cAgreement\u201d) or in connection with this Agreement.<br \/>1. Subject of the Agreement<br \/>1.1 The subject of the Agreement between the Provider and the Customer is the Provider\u2019s obligation to allow the Customer to participate in a pet yoga class, i.e. yoga with the presence of animals, on the date and under the parameters agreed in the Agreement (hereinafter the \u201cclass\u201d).<\/p><p>1.2 An integral part of the subject of the Agreement is also the Provider\u2019s obligation to reserve a place for the Customer in the class from the date of conclusion of the Agreement until the moment the class ends. The contracting parties expressly agree that the subject of the Agreement in the form of the reservation will be provided to the Customer immediately after the conclusion of the Agreement, to which the Customer agrees.<\/p><p>1.3 Classes take place on the date and at the place agreed in the Agreement. The Customer is obliged to arrive at the place where the class is held with sufficient time in advance needed to prepare for the class.<br \/>2. Reservation and conclusion of the Agreement<br \/>2.1 The Customer has the option to reserve participation in a class by concluding the Agreement through the Provider\u2019s website. The Provider publishes available class dates, which the Customer may reserve until the class capacity is sold out; afterwards, the Customer may register as an alternate.<\/p><p>2.2. The Provider does not offer the possibility to participate in a class other than through a reservation on the Provider\u2019s website.<\/p><p>2.3. When reserving a class, the Customer is obliged to state their personal and contact details truthfully. The Provider reserves the right to verify the Customer\u2019s identity upon entry to the class.<\/p><p>2.4. The Agreement is concluded by the Customer making the reservation and by full payment of the price for the class (i.e. crediting the full class price to the Provider\u2019s bank account or payment gateway, or by redeeming a voucher). The contracting parties therefore agree that until full payment of the class price is made, the Provider is not obliged to provide the Customer with any performance, i.e. not even the class reservation.<\/p><p>2.5 At the start of the class, the Customer is obliged to prove to the Provider the payment of the class price by means provided by the Provider (e.g. a QR code, an email confirming the reservation). If it is not possible to prove it pursuant to the previous sentence or in the event of disputes, it is also possible to prove payment of the class price in another way (by presenting identification, a bank account statement, etc.).<br \/>3. Price and payment terms<br \/>3.1 The price for the class is always stated during reservation on the website and becomes an integral part of the concluded Agreement. Prices are stated inclusive of VAT and all related fees. Any additional payments (for example for the chosen payment method) are always transparently stated during the reservation and also become part of the Agreement.<\/p><p>3.2 The class price may be paid by the methods offered by the Provider on the website (i.e. online payment methods, typically by payment card), with the payment being governed by the terms and conditions of the relevant payment gateway provider and may also be affected by the terms of the Customer\u2019s bank.<\/p><p>3.3 An invoice will be issued in electronic form after payment of the class price and sent to the Customer\u2019s email address entered during registration.<\/p><p>3.4 The class price may also be paid by means of a multi-entry pass or a gift voucher.<\/p><p>3.5. For the avoidance of doubt, it is stated that it is not possible to use multi-entry passes or gift vouchers of entities other than the Provider.<\/p><p>3.6. The price does not include the Customer\u2019s transport costs to the class, including parking fees. The Provider does not guarantee the Customer available parking capacity.<br \/>4. Gift vouchers and multi-entry passes<br \/>4.1 The Provider may enable the purchase of gift vouchers or multi-entry passes that serve to pay the class price (hereinafter jointly as a \u201cvoucher\u201d).<\/p><p>4.2 A condition for concluding the contract for the purchase of the voucher is full payment of the voucher price. The voucher is valid only for the period indicated on it and stated at the time of purchase of the voucher.<\/p><p>4.3 The voucher will be handed over to the customer physically upon in-person purchase, or sent by email when purchased via the Provider\u2019s website no later than the next working day after payment of the voucher.<\/p><p>4.4 In the event of purchasing a voucher via the website, the customer has the right to withdraw from the contract within 14 days from the date of delivery of the voucher, even without giving a reason. In such case, the Provider will refund the Customer the full voucher price. The Customer is not obliged to return the voucher to the Provider; the Provider will arrange its invalidation itself. If the voucher has already been fully or partially used to reserve a class, the refunded voucher price will be reduced by the sum of the prices of the used classes, including reserved ones. However, withdrawal from the contract does not result in cancellation of the Agreement with respect to individual classes. In the event of subsequent cancellation of a class with the right to a refund of the class price, this will be refunded to the bank account from which the voucher was paid.<\/p><p>4.5 The provisions of these T&amp;C apply to customers purchasing a voucher where this follows from the nature of these provisions.<\/p><p>4.6. With the exception of withdrawal from the contract, the Customer has no right to a refund of money for the voucher.<\/p><p>4.7. The Provider warns Customers of the fact that classes depend on the possibilities of ensuring animals, premises, staff, but also on the interest of other customers, etc. For this reason, it is not recommended to wait to redeem the voucher until the end of its validity period. The Provider is not obliged to ensure that classes are scheduled nor does it guarantee that classes with specific parameters (animals, capacity, etc.) will be scheduled.<br \/>4<\/p><p>.8. The Provider may allow a change of the voucher (e.g. branch) or an extension of its validity, even repeatedly; however, it is not obliged to do so and is entitled to charge a fee for such change.<br \/>5. Cancellation policy and withdrawal from the Agreement<br \/>5.1 A reservation may be cancelled no later than 72 hours before the start of the class via email at info@petsyoga.cz. The cancellation must also include the reservation code. The Provider warns that cancellations without these requirements may not be processed correctly. In the case of a proper cancellation, the Provider will refund the Customer the full class price.<\/p><p>5.2. A reservation may also be cancelled later than stated in the previous point. In such case, the class price will not be refunded to the Customer, which the Customer expressly acknowledges; however, the Customer will thereby free up a place in the class and enable another customer to participate. The Provider hereby asks Customers who know they will not be able to attend the class to cancel their reservations and thus enable the capacity of individual classes to be filled.<\/p><p>5.3. The Provider informs the Customer that the Customer does not have the right to withdraw from the Agreement within the meaning of Section 1837 (j) of the Civil Code. However, this does not affect the possibility of proceeding according to the cancellation arrangement above.<\/p><p>5.4 If it is necessary to cancel a class by the Provider, the Provider will offer the Customer an alternative date, or participation in another scheduled class with available capacity. If the Customer is not interested in participating in another class, the Provider will refund the Customer the paid class price. The same procedure applies in the event it is necessary to change the animals in the class or make another change, or in the event of a ban on holding classes.<br \/>6. Rules of conduct and safety<br \/>6.1 The Customer is obliged to familiarize themselves with the operating rules and to comply with them. The current wording of the operating rules is available on the Provider\u2019s website (https:\/\/www.petsyoga.cz\/provozni-rad\/), as well as at each branch. If the provider of the premises for the class publishes any rules or instructions in these premises, the Customer is obliged to follow them from the moment they became familiar with them or when they had the opportunity to become familiar with them.<\/p><p>6.2 The Customer is obliged to follow staff instructions and to ensure the safety of themselves, other persons, and animals. Otherwise, the Customer may be removed from the class without compensation.<\/p><p>6.3 The Customer is obliged to inform the class leader of any health limitations. Nevertheless, the Provider asks the Customer to consider in advance the suitability of participation in the class given the nature of the class (for example, classes are not suitable for persons with an allergy to animal fur).<\/p><p>6.4 It is prohibited to smoke, consume alcohol or narcotic substances during the class, or to participate in classes under the influence of alcohol or other narcotic substances.<\/p><p>6.5 The Provider warns the Customer and the Customer acknowledges that the essence of the classes is interaction with animals. Despite all the Provider\u2019s efforts, the Provider is not able to fully guarantee that animals will not engage in unpredictable behavior. The Provider therefore warns the Customer of the risk of damage or injury arising from participation in the class. The Provider therefore also recommends that the Customer take measures to minimize such risk (for example when choosing clothing for the class, removing jewelry, taking into account any injuries, bringing their own class aids, etc.).<\/p><p>6.6 Customers are prohibited from taking photographic, audio, or video recordings during classes, primarily with regard to and for the protection of the privacy of other Customers. This does not affect the possibility of taking private photographs where there is no risk of interference with the rights of the Provider, other Customers or other persons, or with another interest protected by law (e.g. the Provider\u2019s trade secret).<\/p><p>6.7. A Customer may also be a person under 18 years of age, but always older than 6 years. Persons under 15 years of age may always participate in a class only when accompanied by a legal guardian or another person over 18 years of age, who in such case is responsible for the Customer\u2019s behavior and co-responsible for any harm caused.<br \/>7. Other arrangements and information<br \/>7.1 For the avoidance of doubt, the Provider warns the Customer that it does not provide clothing or footwear for participation in the class.<\/p><p>7.2 Rights from defective performance are governed by the general legal regulation, in particular the provisions of Sections 1914\u20131925, 2099\u20132117 and 2161\u20132174b of the Civil Code, and the Consumer Protection Act. Rights from defective performance are asserted with the Provider without undue delay after the Customer learns or could have learned of the defective performance. However, with regard to the evidentiary situation and the protection of the rights of all involved, it is recommended to address any complaints immediately during the class or after its end, as afterwards it may be difficult to prove the actual factual situation.<\/p><p>7.3 The Customer bears the costs of any use of a means of distance communication. The Provider does not use means of communication with a special tariff.<\/p><p>7.4 Any complaints are handled by the Provider via all contacts stated in the header of these T&amp;C.<\/p><p>7.5 The Customer, as a consumer, is also entitled to resolve any disputes with the Provider through an out-of-court consumer dispute resolution body. This body is the Czech Trade Inspection Authority. Proceedings are initiated by a written proposal, the requirements of which are set out in Section 20n of Act No. 634\/1992 Coll., on Consumer Protection. Before initiating proceedings, it is necessary to assert a complaint with the Provider, which is obliged to resolve it within 30 days. Out-of-court resolution may then be initiated no later than 1 year from the date on which the Customer (consumer) asserted the complaint with the Provider. All information on the possibility of out-of-court consumer dispute resolution is stated on the website www.coi.cz.<br \/>8. Personal data<br \/>8.1 The protection of personal data is the subject of a separate document, the Personal Data Protection Policy, which you can find here: https:\/\/www.petsyoga.cz\/ochrana-osobnich-udaju\/.<br \/>9. Final provisions<br \/>9.1 All disputes arising on the basis of or in connection with concluded Agreements or the contract for the purchase of vouchers will be resolved by the general courts of the Czech Republic. The legal relationship established by the Agreement is governed by the legal order of the Czech Republic.<\/p><p>9.2 The transfer of rights and obligations from the Agreement to third parties is possible only with the prior written consent of the Provider; this does not apply to gift vouchers. The Provider undertakes not to refuse to grant consent without a substantial reason.<\/p><p>9.3 By providing an email address and\/or telephone number in the reservation form, the Customer agrees to the use of these contact details for sending communications in connection with the performance of the Agreement.<\/p><p>9.4 These T&amp;C apply only to a situation where the Customer is a consumer, i.e. a natural person outside the scope of their business activity or the performance of their profession. In the event of interest in another method of providing or arranging classes, an individual arrangement with the Provider is possible.<\/p><p>9.5 These T&amp;C are an integral part of the Agreement, and by concluding the Agreement the Customer expresses unconditional consent to these T&amp;C. Deviating arrangements in the Agreement take precedence over the provisions in these T&amp;C.<\/p><p>9.6 These T&amp;C are valid and effective from 17.12. 2025 and may be changed or supplemented at any time by the Provider. The Customer will be informed of any change to the T&amp;C through the Provider\u2019s website. Changes to the T&amp;C do not affect Agreements already concluded.<\/p><p>9.7. For the avoidance of doubt, the Provider declares that it does not consent to any copying or other taking over of these T&amp;C by other entities. This does not affect the possibility for Customers to archive these T&amp;C.<\/p><p>In Brno on 17 December 2025<\/p><p>Luk\u00e1\u0161 B\u00edla, Managing Director<\/p>\t\t\t\t\t\t\t\t<\/div>\n\t\t\t\t<\/div>\n\t\t\t\t\t<\/div>\n\t\t\t\t<\/div>\n\t\t\t\t<\/div>\n\t\t","protected":false},"excerpt":{"rendered":"<p>Terms and Conditions Terms and Conditions PetsYoga.cz s.r.o.Company ID: 17653592VAT ID: CZ17653592registered in the Commercial Register maintained by the Regional Court in Brno under file no. C 130743Data Box ID: jc565iw Pets Yoga Brno s.r.o.Company ID: 22221492VAT ID: CZ22221492registered in the Commercial Register maintained by the Regional Court in Brno under file no. C 141888Data [&hellip;]<\/p>\n","protected":false},"author":1,"featured_media":0,"parent":0,"menu_order":0,"comment_status":"closed","ping_status":"closed","template":"elementor_header_footer","meta":{"footnotes":""},"class_list":["post-2995","page","type-page","status-publish","hentry"],"_links":{"self":[{"href":"https:\/\/www.petsyoga.cz\/en\/wp-json\/wp\/v2\/pages\/2995","targetHints":{"allow":["GET"]}}],"collection":[{"href":"https:\/\/www.petsyoga.cz\/en\/wp-json\/wp\/v2\/pages"}],"about":[{"href":"https:\/\/www.petsyoga.cz\/en\/wp-json\/wp\/v2\/types\/page"}],"author":[{"embeddable":true,"href":"https:\/\/www.petsyoga.cz\/en\/wp-json\/wp\/v2\/users\/1"}],"replies":[{"embeddable":true,"href":"https:\/\/www.petsyoga.cz\/en\/wp-json\/wp\/v2\/comments?post=2995"}],"version-history":[{"count":9,"href":"https:\/\/www.petsyoga.cz\/en\/wp-json\/wp\/v2\/pages\/2995\/revisions"}],"predecessor-version":[{"id":8501,"href":"https:\/\/www.petsyoga.cz\/en\/wp-json\/wp\/v2\/pages\/2995\/revisions\/8501"}],"wp:attachment":[{"href":"https:\/\/www.petsyoga.cz\/en\/wp-json\/wp\/v2\/media?parent=2995"}],"curies":[{"name":"wp","href":"https:\/\/api.w.org\/{rel}","templated":true}]}}